{"id":435,"date":"2011-08-30T15:26:16","date_gmt":"2011-08-30T20:26:16","guid":{"rendered":"http:\/\/www.trillys.com:3555\/web\/"},"modified":"2021-09-10T14:37:59","modified_gmt":"2021-09-10T19:37:59","slug":"services","status":"publish","type":"page","link":"http:\/\/home.trillys.com\/home\/fr\/services\/","title":{"rendered":"Services"},"content":{"rendered":"<p>\t\t\t\t\t\t<\/p>\n<table width=\"65%\" border=\"0\" cellspacing=\"0\" cellpadding=\"0\" class=\"content-table\">\n<tr>\n<td valign=\"top\">Chez Trillys, nous sommes fiers de la qualit\u00e9 exceptionnelle de nos solutions combin\u00e9es de d\u00e9veloppement logiciel, r\u00e9daction technique et services linguistiques.<\/td>\n<\/tr>\n<tr>\n<td valign=\"top\">\n<div align=\"left\"><span style=\"color: #0071bc;font-weight:bold;\">D\u00e9veloppement logiciel sur mesure<\/span><\/div>\n<\/td>\n<\/tr>\n<tr>\n<td valign=\"top\">\n<p align=\"justify\">L&#8217;\u00e9poque du recours aux m\u00e9thodes rigides traditionnelles ax\u00e9es sur le cycle de vie est r\u00e9volue. Tenter de d\u00e9finir toutes les exigences d&#8217;un projet d\u00e8s le d\u00e9but est un exercise frustrant, o\u00f9 l&#8217;\u00e9nergie et les ressources sont d\u00e9pens\u00e9es \u00e0 essayer de contr\u00f4ler et de g\u00e9rer les changements de derni\u00e8re minute. Chez Trillys, nous savons que l&#8217;\u00e9volution permanente des exigences d&#8217;un projet est un aspect normal, in\u00e9vitable et m\u00eame d\u00e9sirable du d\u00e9veloppement logiciel. En faisant appel \u00e0 une m\u00e9thode de programmation agile, nous sommes en mesure de faire face aux changements dans les caract\u00e9ristiques et les exigences d&#8217;un projet \u00e0 tout stade de son d\u00e9roulement. Le d\u00e9veloppement it\u00e9ratif nous permet de r\u00e9agir rapidement et de faire \u00e9pargner temps et argent \u00e0 nos clients. Nous accordons une grande importance \u00e0 la communication durant toutes les phases du cycle de d\u00e9veloppement afin de nous assurer que les sp\u00e9cifications du produit et les aspects commerciaux sont parfaitement bien d\u00e9finis et compris.<\/p>\n<p>Au cours de la derni\u00e8re d\u00e9cennie, Trillys a acquis une solide connaissance de l&#8217;industrie et a m\u00e9rit\u00e9 son respect gr\u00e2ce \u00e0 ses applications sur mesure de la meilleure qualit\u00e9 destin\u00e9es autant au secteur public que priv\u00e9. Nos clients nous apportent une id\u00e9e, et nous nous chargeons de la r\u00e9aliser. Depuis l&#8217;identification des besoins et la conception, jusqu&#8217;au d\u00e9ploiement, \u00e0 la formation et au soutien technique, nous avons \u00e0 coeur de concevoir des solutions logicielles compl\u00e8te et \u00e9conomiques. <\/p>\n<\/td>\n<\/tr>\n<tr>\n<td valign=\"top\">\n<div align=\"left\"><span style=\"color: #0071bc;font-weight:bold;\">R\u00e9daction technique<\/span><\/div>\n<\/td>\n<\/tr>\n<tr>\n<td valign=\"top\">\n<p align=\"justify\">On ne peut sous-estimer l&#8217;importance d&#8217;une documentation ad\u00e9quate et fonctionnelle. Une communication efficace et attrayante renforce la cr\u00e9dibilit\u00e9 d&#8217;une organisation et met en valeur son professionnalisme. Tout produit, m\u00eame innovateur et riche en fonctionnalit\u00e9s, ne vaut que ce que vaut le manuel qui en d\u00e9crit l&#8217;usage au consommateur final.<\/p>\n<p>La pr\u00e9sentation de l&#8217;information dans un format clair et pr\u00e9cis est la meilleure fa\u00e7on de s&#8217;assurer que le client obtiendra les explications dont il a besoin, au moment o\u00f9 il en a besoin. Qu&#8217;il s&#8217;agisse d&#8217;un syst\u00e8me d&#8217;aide contextuelle ou d&#8217;un document PDF, notre \u00e9quipe de r\u00e9dacteurs hautement qualifi\u00e9s est en mesure de cr\u00e9er la documentation apte \u00e0 combler les besoins de nos clients.<\/p>\n<p>Notre personnel de r\u00e9daction talentueux cumule une somme consid\u00e9rable d&#8217;exp\u00e9rience en recherche et en r\u00e9alisation de manuels d&#8217;utilisateur, guides d&#8217;installation, aide en ligne, mat\u00e9riel didactique, documents de conception, contenu Web et mat\u00e9riel publicitaire.<\/p>\n<\/td>\n<\/tr>\n<tr>\n<td valign=\"top\">\n<div align=\"left\"><span style=\"color: #0071bc;font-weight:bold;\">Services linguistiques<\/span><\/div>\n<\/td>\n<\/tr>\n<tr>\n<td valign=\"top\">\n<p align=\"justify\">Syst\u00e8mes Trillys inc. offre une gamme compl\u00e8te de services langagiers de qualit\u00e9 \u00e0 ses clients prestigieux souhaitant disposer de versions bilingues de leurs produits et de leurs services.<br \/>\n<br \/>Notre \u00e9quipe de traducteurs dot\u00e9e d&#8217;une expertise hors pair en traduction, poss\u00e8de les comp\u00e9tences linguistiques requises pour r\u00e9pondre aux besoins linguistiques particuliers de nos clients en mati\u00e8re de traduction et de leur fournir une qualit\u00e9 et des services innovateurs in\u00e9galables en faisant appel \u00e0 des m\u00e9thodologies \u00e9prouv\u00e9es. <br \/>\n  Nous utilisons les outils informatiques les plus avanc\u00e9s en mati\u00e8re de traduction assist\u00e9e par ordinateur afin de garantir la qualit\u00e9, l&#8217;homog\u00e9n\u00e9it\u00e9, le style, la terminologie et la ponctualit\u00e9 de toutes nos traductions. <\/p>\n<p align=\"justify\">Services offerts : <\/p>\n<ul>\n<li>Service de traduction de document\n<p align=\"justify\">Qu&#8217;il s&#8217;agisse d&#8217;un document de quelques pages, d&#8217;un manuel d&#8217;utilisateur ou encore d&#8217;une pr\u00e9sentation pour une conf\u00e9rence, nous garantissons une r\u00e9ponse rapide \u00e0 votre demande de devis, le respect du d\u00e9lai convenu et une qualit\u00e9 de traduction irr\u00e9prochable.<\/p>\n<\/li>\n<li>Service de traduction de page Web\n<p align=\"justify\">Nous sommes en mesure de traduire et de localiser votre site Web dans les formats habituels, html, asp, php, jsp ou autres, et de vous remettre un produit fini pr\u00eat pour la publication et parfaitement fonctionnel.\n<\/p>\n<\/li>\n<li>Service de traduction de logiciel\n<p align=\"justify\">\u00c9galement appel\u00e9e localisation, la traduction de logiciel consiste essentiellement \u00e0 traduire les trois composantes de base des produits, soit l&#8217;interface utilisateur, l&#8217;aide en ligne et la documentation. Notre \u00e9quipe s&#8217;attaque \u00e0 cette t\u00e2che d\u00e9licate et complexe au moyen d&#8217;outils d&#8217;aide \u00e0 la traduction et de gestion de projet \u00e0 la fine pointe de la technologie.<\/p>\n<\/li>\n<\/ul>\n<p align=\"justify\">Trillys est fier d&#8217;offrir des services linguistiques permettant \u00e0 nos clients de perfectionner leurs engagements envers leurs propres clients, de renforcer la satisfaction de leur client\u00e8le et d&#8217;am\u00e9liorer la convivialit\u00e9 de leurs produits.\n<\/p>\n<\/td>\n<\/tr>\n<\/table>\n<p><\/p>","protected":false},"excerpt":{"rendered":"<p>Chez Trillys, nous sommes fiers de la qualit\u00e9 exceptionnelle de nos solutions combin\u00e9es de d\u00e9veloppement logiciel, r\u00e9daction technique et services linguistiques. D\u00e9veloppement logiciel sur mesure L&#8217;\u00e9poque du recours aux m\u00e9thodes rigides traditionnelles ax\u00e9es sur le cycle de vie est r\u00e9volue. &hellip;<\/p>\n","protected":false},"author":1,"featured_media":0,"parent":0,"menu_order":2,"comment_status":"closed","ping_status":"closed","template":"","meta":[],"_links":{"self":[{"href":"http:\/\/home.trillys.com\/home\/fr\/wp-json\/wp\/v2\/pages\/435"}],"collection":[{"href":"http:\/\/home.trillys.com\/home\/fr\/wp-json\/wp\/v2\/pages"}],"about":[{"href":"http:\/\/home.trillys.com\/home\/fr\/wp-json\/wp\/v2\/types\/page"}],"author":[{"embeddable":true,"href":"http:\/\/home.trillys.com\/home\/fr\/wp-json\/wp\/v2\/users\/1"}],"replies":[{"embeddable":true,"href":"http:\/\/home.trillys.com\/home\/fr\/wp-json\/wp\/v2\/comments?post=435"}],"version-history":[{"count":5,"href":"http:\/\/home.trillys.com\/home\/fr\/wp-json\/wp\/v2\/pages\/435\/revisions"}],"predecessor-version":[{"id":2515,"href":"http:\/\/home.trillys.com\/home\/fr\/wp-json\/wp\/v2\/pages\/435\/revisions\/2515"}],"wp:attachment":[{"href":"http:\/\/home.trillys.com\/home\/fr\/wp-json\/wp\/v2\/media?parent=435"}],"curies":[{"name":"wp","href":"https:\/\/api.w.org\/{rel}","templated":true}]}}