{"id":437,"date":"2011-08-30T15:27:13","date_gmt":"2011-08-30T20:27:13","guid":{"rendered":"http:\/\/www.trillys.com:3555\/web\/"},"modified":"2025-03-26T12:23:37","modified_gmt":"2025-03-26T17:23:37","slug":"solutions","status":"publish","type":"page","link":"http:\/\/home.trillys.com\/home\/fr\/solutions\/","title":{"rendered":"Solutions"},"content":{"rendered":"<p>\t\t\t\t\t\t<\/p>\n<table width=\"65%\" border=\"0\" cellspacing=\"0\" cellpadding=\"0\" class=\"content-table\">\n<tr>\n<td valign=\"top\">Nous sommes heureux d&#8217;offrir les solutions suivantes dans le domaine de la t\u00e9l\u00e9phonie et de l&#8217;application de la loi : <\/td>\n<\/tr>\n<tr>\n<td valign=\"top\">\n<div align=\"left\"><span style=\"color: #0071bc;font-weight:bold;\">VoIP (Configuration et maintien de syst\u00e8mes Asterisk)<\/span><\/div>\n<\/td>\n<\/tr>\n<tr>\n<td valign=\"top\">\n<p align=\"justify\">Asterisk est un autocommutateur priv\u00e9 (PBX) comprenant plusieurs caract\u00e9ristiques fonctionnelles telles que les postes t\u00e9l\u00e9phoniques multiples, la messagerie vocale, les conf\u00e9rences t\u00e9l\u00e9phoniques, le renvoi d&#8217;appels, la r\u00e9ponse vocale interactive (menus \u00e9l\u00e9phoniques), ainsi que la distribution automatique d&#8217;appels. Cet autocommutateur priv\u00e9 g\u00e8re un vaste \u00e9ventail de protocoles de voix sur IP (VoIP). Les serveurs Asterisk peuvent \u00eatre reli\u00e9s \u00e0 l&#8217;Internet ou \u00e0 un r\u00e9seau priv\u00e9.<br \/>\n  Une entreprise ayant recours \u00e0 la VoIP b\u00e9n\u00e9ficie d&#8217;un service \u00e0 la client\u00e8le am\u00e9lior\u00e9, d&#8217;une r\u00e9duction de l&#8217;infrastructure de r\u00e9seau et d&#8217;une \u00e9conomie de co\u00fbts appr\u00e9ciable. L&#8217;utilisation de la voix sur IP permet de r\u00e9duire les frais t\u00e9l\u00e9phoniques, les frais de concession de licence et les co\u00fbts op\u00e9rationnels. Contrairement aux syst\u00e8mes t\u00e9l\u00e9phoniques traditionnels, il n&#8217;y a aucun co\u00fbt de concession de licence suppl\u00e9mentaire pour les fonctions de distribution d&#8217;appels avanc\u00e9es comme la mise en attente, la messagerie vocale et la mise en parall\u00e8le. La formation des administrateurs de syst\u00e8me sur les nouvelles plateformes n&#8217;est pas essentielle, puisqu&#8217;il s&#8217;ex\u00e9cute sur du mat\u00e9riel informatique standard par l&#8217;entremise de dispositifs traditionnels de routage et de commutation de r\u00e9seaux. <br \/>Toutefois, Asterisk n&#8217;est pas un syst\u00e8me t\u00e9l\u00e9phonique de s\u00e9rie. Ses caract\u00e9ristiques robustes n\u00e9cessitent une somme importante de savoir-faire technique afin de tirer profit de l&#8217;ensemble des fonctionnalit\u00e9s du syst\u00e8me. Trillys dispose des connaissances et de l&#8217;expertise n\u00e9cessaires pour r\u00e9aliser l&#8217;installation, la configuration et l&#8217;entretien du syst\u00e8me VoIP Asterisk de votre entreprise. <\/p>\n<\/td>\n<\/tr>\n<tr>\n<td valign=\"top\">\n<div align=\"left\"><span style=\"color: #0071bc;font-weight:bold;\">Collecte et traitement des enregistrements des donn\u00e9es d&#8217;appel (EDA)<\/span><\/div>\n<\/td>\n<\/tr>\n<tr>\n<td valign=\"top\">\n<p align=\"justify\">Une importante compagnie de t\u00e9l\u00e9phone a charg\u00e9 Trillys de d\u00e9velopper un syst\u00e8me t\u00e9l\u00e9phonique qui lui permettrait d&#8217;offrir \u00e0 ses clients un service d&#8217;enregistrement des donn\u00e9es d&#8217;appel (EDA) et de messagerie de progression d&#8217;appel sans frais. <br \/>Les entreprises t\u00e9l\u00e9phoniques font appel aux services d&#8217;EDA pour obtenir des donn\u00e9es sur les r\u00e9centes utilisations du syst\u00e8me, et plus particulit\u00e8rement sur l&#8217;identit\u00e9 des sources et des destinations, la dur\u00e9e de chaque appel, les montants factur\u00e9s pour chaque appel, la p\u00e9riode totale d&#8217;utilisation, le temps gratuit restant et le co\u00fbt d&#8217;utilisation total pour la p\u00e9riode de facturation. <br \/>Trillys a \u00e9t\u00e9 en mesure de livrer un produit fonctionnel enti\u00e8rement valid\u00e9, accompagn\u00e9 des manuels d&#8217;utilisateur et de la documentation compl\u00e8te du syst\u00e8me bien avant le lancement du produit principal du client. Le projet a par ailleurs \u00e9t\u00e9 r\u00e9alis\u00e9 a l&#8217;int\u00e9rieur des limites budg\u00e9taires du client.\n<\/p>\n<\/td>\n<\/tr>\n<tr>\n<td valign=\"top\">\n<div align=\"left\"><span style=\"color: #0071bc;font-weight:bold;\">Link-IT<\/span><\/div>\n<\/td>\n<\/tr>\n<tr>\n<td valign=\"top\">\n<p align=\"justify\">Link-IT est une s\u00e9rie d&#8217;outils logiciels destin\u00e9e aux autorit\u00e9s polici\u00e8res. Elle a \u00e9t\u00e9 con\u00e7ue pour importer rapidement les donn\u00e9es de communication collect\u00e9es et stock\u00e9es dans diff\u00e9rents syst\u00e8mes existants et offrir \u00e0 l&#8217;utilisateur une vue d&#8217;ensemble des communications \u00e9chang\u00e9es au sein des organisations criminelles. <br \/>Les agents de la paix, les enqu\u00eateurs et les analystes peuvent effectuer des analyses unifi\u00e9es de toutes les donn\u00e9es de communication recueillies sur un suspect \u00e0 partir d&#8217;une m\u00eame application informatique. L&#8217;application peut traiter de nouvelles sources de donn\u00e9es au fur et \u00e0 mesure qu&#8217;elles se pr\u00e9sentent. L&#8217;utilisateur est capable de faire correspondre la hi\u00e9rarchie de communication et les mod\u00e8les au sein des organisations criminelles et des groupes terroristes. <br \/>La force de la suite logicielle Link-IT r\u00e9side dans sa simplicit\u00e9 d&#8217;application et sa souplesse. Le syst\u00e8me peut \u00eatre configur\u00e9 et mis en oeuvre en quelques heures. Les utilisateurs et les administrateurs du syst\u00e8me Link-IT seront rapidement \u00e0l&#8217;aise avec le fonctionnement de l&#8217;application sans passer par une formation pouss\u00e9e. <\/p>\n<\/td>\n<\/tr>\n<\/table>\n<p><\/p>","protected":false},"excerpt":{"rendered":"<p>Nous sommes heureux d&#8217;offrir les solutions suivantes dans le domaine de la t\u00e9l\u00e9phonie et de l&#8217;application de la loi : VoIP (Configuration et maintien de syst\u00e8mes Asterisk) Asterisk est un autocommutateur priv\u00e9 (PBX) comprenant plusieurs caract\u00e9ristiques fonctionnelles telles que les &hellip;<\/p>\n","protected":false},"author":1,"featured_media":0,"parent":0,"menu_order":3,"comment_status":"closed","ping_status":"closed","template":"","meta":[],"_links":{"self":[{"href":"http:\/\/home.trillys.com\/home\/fr\/wp-json\/wp\/v2\/pages\/437"}],"collection":[{"href":"http:\/\/home.trillys.com\/home\/fr\/wp-json\/wp\/v2\/pages"}],"about":[{"href":"http:\/\/home.trillys.com\/home\/fr\/wp-json\/wp\/v2\/types\/page"}],"author":[{"embeddable":true,"href":"http:\/\/home.trillys.com\/home\/fr\/wp-json\/wp\/v2\/users\/1"}],"replies":[{"embeddable":true,"href":"http:\/\/home.trillys.com\/home\/fr\/wp-json\/wp\/v2\/comments?post=437"}],"version-history":[{"count":12,"href":"http:\/\/home.trillys.com\/home\/fr\/wp-json\/wp\/v2\/pages\/437\/revisions"}],"predecessor-version":[{"id":2706,"href":"http:\/\/home.trillys.com\/home\/fr\/wp-json\/wp\/v2\/pages\/437\/revisions\/2706"}],"wp:attachment":[{"href":"http:\/\/home.trillys.com\/home\/fr\/wp-json\/wp\/v2\/media?parent=437"}],"curies":[{"name":"wp","href":"https:\/\/api.w.org\/{rel}","templated":true}]}}