{"id":52,"date":"2011-02-24T10:16:04","date_gmt":"2011-02-24T15:16:04","guid":{"rendered":"http:\/\/www.trillys.com:3555\/web\/"},"modified":"2021-09-10T14:37:47","modified_gmt":"2021-09-10T19:37:47","slug":"home","status":"publish","type":"page","link":"http:\/\/home.trillys.com\/home\/fr\/","title":{"rendered":"Accueil"},"content":{"rendered":"<p><\/p>\n<table width=\"65%\" border=\"0\" cellspacing=\"0\" cellpadding=\"0\">\n<tr>\n<td  colspan=\"3\">\n<div align=\"center\"><\/div>\n<\/td>\n<\/tr>\n<tr>\n<td>\n<div align=\"center\"><span style=\"color: #0071bc;font-weight:bold;\">Notre philosophie<\/span><\/div>\n<\/td>\n<td>\n<div align=\"center\"><span style=\"color: #0071bc;font-weight:bold;\">Nous pouvons vous aider<\/span><\/div>\n<\/td>\n<td>\n<div align=\"center\"><span style=\"color: #0071bc;font-weight:bold;\">Notre savoir-faire<\/span><\/div>\n<\/td>\n<\/tr>\n<tr>\n<td>\n<div align=\"justify\">\n    Chez Trillys, confiance et int\u00e9grit\u00e9 ne sont pas de vains mots. Ils sont les principes fondateurs de notre compagnie. Nos clients comptent sur nous pour leur fournir des produits et des services d&#8217;une qualit\u00e9 in\u00e9gal\u00e9e sur le march\u00e9. Nous veillons \u00e0 livrer nos produits en tout respect du calendrier et du budget tout en maintenant le plus haut niveau de professionnalisme et de satisfaction de la client\u00e8le.<\/div>\n<\/td>\n<td>\n<div align=\"justify\">\n    Notre solide r\u00e9putation repose sur notre capacit\u00e9 d&#8217;innovation en mati\u00e8re de d\u00e9veloppement et de personnalisation d&#8217;applications logicielles. Que vous recherchiez une solution simple, la personnalisation d&#8217;un produit existant ou que vous envisagiez le d\u00e9veloppement d&#8217;un projet complexe en plusieurs \u00e9tapes, nous poss\u00e9dont l&#8217;expertise et l&#8217;exp\u00e9rience n\u00e9cessaires pour le r\u00e9aliser.<\/div>\n<\/td>\n<td>\n<div align=\"justify\">\n    Nous nous sp\u00e9cialisons dans la r\u00e9alisation et le soutien de syst\u00e8mes cl\u00e9 en main valid\u00e9s et document\u00e9s \u00e0 l&#8217;intention des entreprises de t\u00e9l\u00e9communication et des forces polici\u00e8res du secteur priv\u00e9 ou public. Nous sommes \u00e9galement fiers d&#8217;offrir ces services dans les deux langues officielles.<\/div>\n<\/td>\n<\/tr>\n<\/table>\n<p><\/p>","protected":false},"excerpt":{"rendered":"<p>Notre philosophie Nous pouvons vous aider Notre savoir-faire Chez Trillys, confiance et int\u00e9grit\u00e9 ne sont pas de vains mots. Ils sont les principes fondateurs de notre compagnie. Nos clients comptent sur nous pour leur fournir des produits et des services &hellip;<\/p>\n","protected":false},"author":1,"featured_media":0,"parent":0,"menu_order":1,"comment_status":"closed","ping_status":"closed","template":"","meta":[],"_links":{"self":[{"href":"http:\/\/home.trillys.com\/home\/fr\/wp-json\/wp\/v2\/pages\/52"}],"collection":[{"href":"http:\/\/home.trillys.com\/home\/fr\/wp-json\/wp\/v2\/pages"}],"about":[{"href":"http:\/\/home.trillys.com\/home\/fr\/wp-json\/wp\/v2\/types\/page"}],"author":[{"embeddable":true,"href":"http:\/\/home.trillys.com\/home\/fr\/wp-json\/wp\/v2\/users\/1"}],"replies":[{"embeddable":true,"href":"http:\/\/home.trillys.com\/home\/fr\/wp-json\/wp\/v2\/comments?post=52"}],"version-history":[{"count":9,"href":"http:\/\/home.trillys.com\/home\/fr\/wp-json\/wp\/v2\/pages\/52\/revisions"}],"predecessor-version":[{"id":2765,"href":"http:\/\/home.trillys.com\/home\/fr\/wp-json\/wp\/v2\/pages\/52\/revisions\/2765"}],"wp:attachment":[{"href":"http:\/\/home.trillys.com\/home\/fr\/wp-json\/wp\/v2\/media?parent=52"}],"curies":[{"name":"wp","href":"https:\/\/api.w.org\/{rel}","templated":true}]}}