{"id":2,"date":"2011-02-03T16:16:10","date_gmt":"2011-02-03T21:16:10","guid":{"rendered":"http:\/\/192.168.127.128\/web\/?page_id=2"},"modified":"2025-03-26T12:20:02","modified_gmt":"2025-03-26T17:20:02","slug":"about","status":"publish","type":"page","link":"http:\/\/home.trillys.com\/home\/fr\/about\/","title":{"rendered":"\u00c0 propos de nous"},"content":{"rendered":"<p><\/p>\n<table class=\"content-table\" width=\"65%\" border=\"0\" cellspacing=\"0\" cellpadding=\"0\">\n<tbody>\n<tr>\n<td valign=\"top\">\n<div><span style=\"color: #0071bc; font-weight: bold;\">\u00c0 propos de nous<\/span><\/div>\n<\/td>\n<\/tr>\n<tr>\n<td valign=\"top\">Situ\u00e9e dans la capitale nationale, Syst\u00e8mes Trillys a \u00e9t\u00e9 fond\u00e9e en 1993. Entreprise priv\u00e9e canadienne, Trillys offre des solutions logicielles et des services sur mesure d&#8217;une qualit\u00e9 sup\u00e9rieure selon une approche personnalis\u00e9e. Notre but est de cr\u00e9er des relations commerciales de longue dur\u00e9e avec nos clients. Bien apr\u00e8s le d\u00e9ploiement d&#8217;un produit, Trillys continue \u00e0 fournir conseils et soutien technique \u00e0 ses clients et \u00e0 leurs utilisateurs.<br \/>\nNous tirons une grande fiert\u00e9 de la qualit\u00e9 exceptionnelle des services que nous offrons. Gr\u00e2ce aux comp\u00e9tences de nos employ\u00e9s innovateurs et cr\u00e9atifs, nos produits personnalis\u00e9s d\u00e9passent \u00e0 coup s\u00fbr les attentes et ce, en tout respect du calendrier et du budget.<br \/>\nNos pratiques commerciales refl\u00e8tent les plus hauts niveaux de professionnalisme, de s\u00e9curit\u00e9 et d&#8217;\u00e9thique.<\/td>\n<\/tr>\n<tr>\n<td valign=\"top\">\n<div><span style=\"color: #0071bc; font-weight: bold;\">Notre personnel<\/span><\/div>\n<\/td>\n<\/tr>\n<tr>\n<td valign=\"top\">Notre \u00e9quipe exceptionnelle de professionnels hautement qualifi\u00e9s est notre marque distinctive. Nous nous effor\u00e7ons d&#8217;\u00e9tablir des relations \u00e0 long terme avec nos employ\u00e9s, de la m\u00eame fa\u00e7on que nous tentons de le faire avec nos clients. Notre personnel se compose d&#8217;employ\u00e9s permanents \u00e0 temps complet, ce qui donne \u00e0 nos clients l&#8217;assurance d&#8217;un soutien technique continu et exceptionnel bien apr\u00e8s l&#8217;ach\u00e8vement du projet initial. Nos clients sont assur\u00e9s que leur investissement b\u00e9n\u00e9ficie des services d&#8217;un expert dont les connaissances en mati\u00e8re de d\u00e9veloppement et d&#8217;int\u00e9gration du produit sont de toute premi\u00e8re main. Le degr\u00e9 de permanence et de service offert par Trillys est sans \u00e9gal.<\/p>\n<p>Chacun de nos employ\u00e9s a \u00e9t\u00e9 minutieusement s\u00e9lectionn\u00e9 pour son ing\u00e9niosit\u00e9, son int\u00e9grit\u00e9, son exp\u00e9rience et son professionnalisme. Les membres de notre personnel sont passionn\u00e9s par leur travail et ils s&#8217;efforcent sans cesse de parfaire leur comp\u00e9tences \u00e0 l&#8217;aide d&#8217;outils et de m\u00e9thode de d\u00e9veloppement \u00e0 la fine pointe du progr\u00e8s.<br \/>\nLa s\u00e9curit\u00e9 de l&#8217;information est d&#8217;une importance primordiale. Nos clients en d\u00e9pendent; nous la garantissons.<\/td>\n<\/tr>\n<tr>\n<td valign=\"top\">\n<div><span style=\"color: #0071bc; font-weight: bold;\">\u00c9quipe de direction<\/span><\/div>\n<\/td>\n<\/tr>\n<tr>\n<td valign=\"top\">Richard Laurence, Pr\u00e9sident<br \/>\n\u00c0 titre de pr\u00e9sident des Syst\u00e8mes Trillys, Richard compte plus de vingt ans d&#8217;exp\u00e9rience de leadership et d&#8217;expertise dans le domaine des t\u00e9l\u00e9communications, \u00e0 la fois dans les secteurs priv\u00e9 et public. Richard est le fondateur et l&#8217;\u00e2me de Trillys. Responsable de tous les aspects li\u00e9s \u00e0 la prospection de client\u00e8le, il a su engager la compagnie sur la voie d&#8217;une croissance continue et du succ\u00e8s.\u00c0 la suite d&#8217;une carri\u00e8re accomplie au sein de la Branche des communications et de l&#8217;\u00e9lectronique des Forces arm\u00e9es canadiennes, il s&#8217;est joint \u00e0 l&#8217;\u00e9quipe de Bell Canada \u00e0 titre d&#8217;ing\u00e9nieur en t\u00e9l\u00e9communication.<br \/>\nRichard est titulaire d&#8217;un baccalaur\u00e9at en g\u00e9nie \u00e9lectrique du Coll\u00e8ge militaire royal du Canada.<\/td>\n<\/tr>\n<tr>\n<td valign=\"top\">\n<div><span style=\"color: #0071bc; font-weight: bold;\">Pour nous joindre<\/span><\/div>\n<\/td>\n<\/tr>\n<tr>\n<td align=\"left\" valign=\"top\">Vous pouvez adresser vos questions ou vos commentaires en \u00e9crivant \u00e0 :<\/p>\n<p><strong>Syst\u00e8mes Trillys Inc.<\/strong><br \/>\n1645, chemin Russell, unit\u00e9 3, Ottawa, Ontario, K1G 4G5 Canada<\/p>\n<p>T\u00e9l\u00e9phone : (613) 521-1639<br \/>\nCourriel : info@trillys.com<\/td>\n<\/tr>\n<\/tbody>\n<\/table>\n<p><\/p>","protected":false},"excerpt":{"rendered":"<p>\u00c0 propos de nous Situ\u00e9e dans la capitale nationale, Syst\u00e8mes Trillys a \u00e9t\u00e9 fond\u00e9e en 1993. Entreprise priv\u00e9e canadienne, Trillys offre des solutions logicielles et des services sur mesure d&#8217;une qualit\u00e9 sup\u00e9rieure selon une approche personnalis\u00e9e. Notre but est de &hellip;<\/p>\n","protected":false},"author":1,"featured_media":0,"parent":0,"menu_order":7,"comment_status":"closed","ping_status":"closed","template":"","meta":[],"_links":{"self":[{"href":"http:\/\/home.trillys.com\/home\/fr\/wp-json\/wp\/v2\/pages\/2"}],"collection":[{"href":"http:\/\/home.trillys.com\/home\/fr\/wp-json\/wp\/v2\/pages"}],"about":[{"href":"http:\/\/home.trillys.com\/home\/fr\/wp-json\/wp\/v2\/types\/page"}],"author":[{"embeddable":true,"href":"http:\/\/home.trillys.com\/home\/fr\/wp-json\/wp\/v2\/users\/1"}],"replies":[{"embeddable":true,"href":"http:\/\/home.trillys.com\/home\/fr\/wp-json\/wp\/v2\/comments?post=2"}],"version-history":[{"count":13,"href":"http:\/\/home.trillys.com\/home\/fr\/wp-json\/wp\/v2\/pages\/2\/revisions"}],"predecessor-version":[{"id":2705,"href":"http:\/\/home.trillys.com\/home\/fr\/wp-json\/wp\/v2\/pages\/2\/revisions\/2705"}],"wp:attachment":[{"href":"http:\/\/home.trillys.com\/home\/fr\/wp-json\/wp\/v2\/media?parent=2"}],"curies":[{"name":"wp","href":"https:\/\/api.w.org\/{rel}","templated":true}]}}